{"id":1809,"date":"2025-05-07T09:30:31","date_gmt":"2025-05-07T09:30:31","guid":{"rendered":"https:\/\/www.itbatterie.com\/blog\/?page_id=1809"},"modified":"2025-05-07T09:30:32","modified_gmt":"2025-05-07T09:30:32","slug":"motorola-moto-g86-specifiche-complete-e-varianti-regionali-trapelate","status":"publish","type":"page","link":"https:\/\/www.itbatterie.com\/blog\/motorola-moto-g86-specifiche-complete-e-varianti-regionali-trapelate","title":{"rendered":"Motorola Moto G86 \u2013 Specifiche Complete e Varianti Regionali Trapelate"},"content":{"rendered":"\n<figure class=\"wp-block-image\"><img decoding=\"async\" src=\"https:\/\/fdn.gsmarena.com\/imgroot\/news\/25\/04\/moto-g86-leaked-renders\/inline\/-1200\/gsmarena_002.jpg\" alt=\"\"\/><\/figure>\n\n\n\n<p><a href=\"https:\/\/www.itbatterie.com\/batterie-cell\/motorola.htm\">Motorola<\/a>&nbsp;si prepara a lanciare il&nbsp;<strong>Moto G86<\/strong>, un nuovo membro della sua serie Moto G, destinato al mercato di fascia media. Le specifiche trapelate confermano che il telefono sar\u00e0 alimentato dal chipset&nbsp;<strong>MediaTek Dimensity 7300<\/strong>&nbsp;e sar\u00e0 disponibile con:<\/p>\n\n\n\n<ul class=\"wp-block-list\">\n<li><strong>RAM:<\/strong>\u00a08GB o 12GB<\/li>\n\n\n\n<li><strong>Archiviazione:<\/strong>\u00a0128GB o 256GB (espandibile tramite microSD, possibilmente con uno slot dedicato a seconda del mercato)<\/li>\n<\/ul>\n\n\n\n<h3 class=\"wp-block-heading\"><strong>Fotocamere:<\/strong><\/h3>\n\n\n\n<ul class=\"wp-block-list\">\n<li><strong>Fotocamera Principale:<\/strong>\u00a0Sensore\u00a0<strong>Sony LYT-600 da 50MP<\/strong>\u00a0con\u00a0<strong>OIS<\/strong>\u00a0(stabilizzazione ottica dell&#8217;immagine) per una migliore stabilit\u00e0 e prestazioni in condizioni di scarsa illuminazione<\/li>\n\n\n\n<li><strong>Fotocamera Secondaria:<\/strong>\u00a0Obiettivo ultra-grandangolare da\u00a0<strong>8MP<\/strong><\/li>\n\n\n\n<li><strong>Fotocamera Frontale:<\/strong>\u00a0Sensore da\u00a0<strong>32MP<\/strong>\u00a0in un design a foro nel display (punch-hole)<\/li>\n<\/ul>\n\n\n\n<h3 class=\"wp-block-heading\"><strong>Batteria (a seconda della regione):<\/strong><\/h3>\n\n\n\n<ul class=\"wp-block-list\">\n<li><strong>5.200 mAh<\/strong>\u00a0o\u00a0<strong>6.720 mAh<\/strong>, con l&#8217;Europa che probabilmente ricever\u00e0 la versione con batteria pi\u00f9 piccola a causa dei requisiti di certificazione IEC, il che potrebbe anche comportare un design leggermente pi\u00f9 spesso.<\/li>\n<\/ul>\n\n\n\n<p>Il&nbsp;<strong>Moto G86<\/strong>&nbsp;dovrebbe ricevere&nbsp;<strong>4 anni<\/strong>&nbsp;di aggiornamenti software bimestrali nella regione&nbsp;<strong>EMEA<\/strong>, come richiesto dalle normative dell&#8217;UE.<\/p>\n","protected":false},"excerpt":{"rendered":"<p>Motorola&nbsp;si prepara a lanciare il&nbsp;Moto G86, un nuovo membro della sua serie Moto G, destinato al mercato di fascia media. Le specifiche trapelate confermano che il telefono sar\u00e0 alimentato dal chipset&nbsp;MediaTek Dimensity 7300&nbsp;e sar\u00e0 disponibile con: Fotocamere: Batteria (a seconda della regione): Il&nbsp;Moto G86&nbsp;dovrebbe ricevere&nbsp;4 anni&nbsp;di aggiornamenti software bimestrali nella regione&nbsp;EMEA, come richiesto dalle normative [&hellip;]<\/p>\n","protected":false},"author":1,"featured_media":0,"parent":0,"menu_order":0,"comment_status":"closed","ping_status":"closed","template":"","meta":{"footnotes":""},"class_list":["post-1809","page","type-page","status-publish","hentry"],"_links":{"self":[{"href":"https:\/\/www.itbatterie.com\/blog\/wp-json\/wp\/v2\/pages\/1809","targetHints":{"allow":["GET"]}}],"collection":[{"href":"https:\/\/www.itbatterie.com\/blog\/wp-json\/wp\/v2\/pages"}],"about":[{"href":"https:\/\/www.itbatterie.com\/blog\/wp-json\/wp\/v2\/types\/page"}],"author":[{"embeddable":true,"href":"https:\/\/www.itbatterie.com\/blog\/wp-json\/wp\/v2\/users\/1"}],"replies":[{"embeddable":true,"href":"https:\/\/www.itbatterie.com\/blog\/wp-json\/wp\/v2\/comments?post=1809"}],"version-history":[{"count":1,"href":"https:\/\/www.itbatterie.com\/blog\/wp-json\/wp\/v2\/pages\/1809\/revisions"}],"predecessor-version":[{"id":1810,"href":"https:\/\/www.itbatterie.com\/blog\/wp-json\/wp\/v2\/pages\/1809\/revisions\/1810"}],"wp:attachment":[{"href":"https:\/\/www.itbatterie.com\/blog\/wp-json\/wp\/v2\/media?parent=1809"}],"curies":[{"name":"wp","href":"https:\/\/api.w.org\/{rel}","templated":true}]}}